{"id":9940,"date":"2020-06-10T10:55:34","date_gmt":"2020-06-10T15:55:34","guid":{"rendered":"http:\/\/boinita.com\/boinita-simple-cremation-service-without-a-funeral-service\/"},"modified":"2023-03-21T13:58:53","modified_gmt":"2023-03-21T19:58:53","slug":"boinita-simple-cremation-service-without-a-funeral-service","status":"publish","type":"page","link":"https:\/\/boinita.com\/en\/","title":{"rendered":"Boinita | Simple Cremation Service without a Funeral Service"},"content":{"rendered":"<div class=\"wpb-content-wrapper\"><p>[vc_row row_style=&#8221;full-width&#8221; padding_size=&#8221;no-padding&#8221;][vc_column][rev_slider_vc button_style=&#8221;2&#8243; color=&#8221;#4f4f4f&#8221;][\/vc_column][\/vc_row]<\/p>\n<\/div>","protected":false},"excerpt":{"rendered":"<p>[vc_row row_style=&#8221;full-width&#8221; padding_size=&#8221;no-padding&#8221;][vc_column][rev_slider_vc button_style=&#8221;2&#8243; color=&#8221;#4f4f4f&#8221;][\/vc_column][\/vc_row]<\/p>\n","protected":false},"author":1,"featured_media":9391,"parent":0,"menu_order":0,"comment_status":"open","ping_status":"closed","template":"","meta":{"footnotes":""},"class_list":["post-9940","page","type-page","status-publish","has-post-thumbnail","hentry"],"yoast_head":"<!-- This site is optimized with the Yoast SEO plugin v27.4 - https:\/\/yoast.com\/product\/yoast-seo-wordpress\/ -->\n<title>\ud83e\udd47 Boinita | Servicio de Cremaci\u00f3n Sencilla sin un Servicio Funerario% \u26b1\ufe0f<\/title>\n<meta name=\"description\" content=\"Arrange a Simple Cremation Without A Funeral Service \u2714\ufe0f Formalities, Urn and Transfers included, 24\/7 Service, Available in 45 minutes \u2714\ufe0f\" \/>\n<meta name=\"robots\" content=\"index, follow, max-snippet:-1, max-image-preview:large, max-video-preview:-1\" \/>\n<link rel=\"canonical\" href=\"https:\/\/boinita.com\/en\/\" \/>\n<meta property=\"og:locale\" content=\"en_US\" \/>\n<meta property=\"og:type\" content=\"article\" \/>\n<meta property=\"og:title\" content=\"\ud83e\udd47 Boinita | Servicio de Cremaci\u00f3n Sencilla sin un Servicio Funerario% \u26b1\ufe0f\" \/>\n<meta property=\"og:description\" content=\"Arrange a Simple Cremation Without A Funeral Service \u2714\ufe0f Formalities, Urn and Transfers included, 24\/7 Service, Available in 45 minutes \u2714\ufe0f\" \/>\n<meta property=\"og:url\" content=\"https:\/\/boinita.com\/en\/\" \/>\n<meta property=\"og:site_name\" content=\"Boinita | Servicio de Cremaci\u00f3n Sencilla sin un Servicio Funerario\" \/>\n<meta property=\"article:publisher\" content=\"https:\/\/www.facebook.com\/Boinitamx\/\" \/>\n<meta property=\"article:modified_time\" content=\"2023-03-21T19:58:53+00:00\" \/>\n<meta property=\"og:image\" content=\"https:\/\/boinita.com\/wp-content\/uploads\/2020\/06\/Servicio-de-Cremaci\u00f3n-Sencilla-en-San-Luis-Potos\u00ed.jpg\" \/>\n\t<meta property=\"og:image:width\" content=\"2048\" \/>\n\t<meta property=\"og:image:height\" content=\"1152\" \/>\n\t<meta property=\"og:image:type\" content=\"image\/jpeg\" \/>\n<meta name=\"twitter:card\" content=\"summary_large_image\" \/>\n<script type=\"application\/ld+json\" class=\"yoast-schema-graph\">{\"@context\":\"https:\\\/\\\/schema.org\",\"@graph\":[{\"@type\":\"WebPage\",\"@id\":\"https:\\\/\\\/boinita.com\\\/en\\\/\",\"url\":\"https:\\\/\\\/boinita.com\\\/en\\\/\",\"name\":\"\ud83e\udd47 Boinita | Servicio de Cremaci\u00f3n Sencilla sin un Servicio Funerario% \u26b1\ufe0f\",\"isPartOf\":{\"@id\":\"https:\\\/\\\/boinita.com\\\/en\\\/#website\"},\"primaryImageOfPage\":{\"@id\":\"https:\\\/\\\/boinita.com\\\/en\\\/#primaryimage\"},\"image\":{\"@id\":\"https:\\\/\\\/boinita.com\\\/en\\\/#primaryimage\"},\"thumbnailUrl\":\"https:\\\/\\\/boinita.com\\\/wp-content\\\/uploads\\\/2020\\\/06\\\/Servicio-de-Cremaci\u00f3n-Sencilla-en-San-Luis-Potos\u00ed.jpg\",\"datePublished\":\"2020-06-10T15:55:34+00:00\",\"dateModified\":\"2023-03-21T19:58:53+00:00\",\"description\":\"Arrange a Simple Cremation Without A Funeral Service \u2714\ufe0f Formalities, Urn and Transfers included, 24\\\/7 Service, Available in 45 minutes \u2714\ufe0f\",\"breadcrumb\":{\"@id\":\"https:\\\/\\\/boinita.com\\\/en\\\/#breadcrumb\"},\"inLanguage\":\"en-US\",\"potentialAction\":[{\"@type\":\"ReadAction\",\"target\":[\"https:\\\/\\\/boinita.com\\\/en\\\/\"]}]},{\"@type\":\"ImageObject\",\"inLanguage\":\"en-US\",\"@id\":\"https:\\\/\\\/boinita.com\\\/en\\\/#primaryimage\",\"url\":\"https:\\\/\\\/boinita.com\\\/wp-content\\\/uploads\\\/2020\\\/06\\\/Servicio-de-Cremaci\u00f3n-Sencilla-en-San-Luis-Potos\u00ed.jpg\",\"contentUrl\":\"https:\\\/\\\/boinita.com\\\/wp-content\\\/uploads\\\/2020\\\/06\\\/Servicio-de-Cremaci\u00f3n-Sencilla-en-San-Luis-Potos\u00ed.jpg\",\"width\":2048,\"height\":1152,\"caption\":\"Servicio de Cremaci\u00f3n Sencilla sin un Servicio Funerario\"},{\"@type\":\"BreadcrumbList\",\"@id\":\"https:\\\/\\\/boinita.com\\\/en\\\/#breadcrumb\",\"itemListElement\":[{\"@type\":\"ListItem\",\"position\":1,\"name\":\"Portada\",\"item\":\"https:\\\/\\\/boinita.com\\\/en\\\/boinita-simple-cremation-service-without-a-funeral-service\\\/\"},{\"@type\":\"ListItem\",\"position\":2,\"name\":\"Boinita | Simple Cremation Service without a Funeral Service\"}]},{\"@type\":\"WebSite\",\"@id\":\"https:\\\/\\\/boinita.com\\\/en\\\/#website\",\"url\":\"https:\\\/\\\/boinita.com\\\/en\\\/\",\"name\":\"Boinita | Servicio de Cremaci\u00f3n Sencilla sin un Servicio Funerario\",\"description\":\"Organiza una Cremaci\u00f3n Sencilla sin un Servicio Funerario \u26b1\ufe0f\",\"publisher\":{\"@id\":\"https:\\\/\\\/boinita.com\\\/en\\\/#organization\"},\"alternateName\":\"Boinita\",\"potentialAction\":[{\"@type\":\"SearchAction\",\"target\":{\"@type\":\"EntryPoint\",\"urlTemplate\":\"https:\\\/\\\/boinita.com\\\/en\\\/?s={search_term_string}\"},\"query-input\":{\"@type\":\"PropertyValueSpecification\",\"valueRequired\":true,\"valueName\":\"search_term_string\"}}],\"inLanguage\":\"en-US\"},{\"@type\":\"Organization\",\"@id\":\"https:\\\/\\\/boinita.com\\\/en\\\/#organization\",\"name\":\"Boinita | Simple Cremation Services\",\"alternateName\":\"Boinita\",\"url\":\"https:\\\/\\\/boinita.com\\\/en\\\/\",\"logo\":{\"@type\":\"ImageObject\",\"inLanguage\":\"en-US\",\"@id\":\"https:\\\/\\\/boinita.com\\\/en\\\/#\\\/schema\\\/logo\\\/image\\\/\",\"url\":\"https:\\\/\\\/boinita.com\\\/wp-content\\\/uploads\\\/2020\\\/06\\\/Boinita-Logo-Transparente-chico.png\",\"contentUrl\":\"https:\\\/\\\/boinita.com\\\/wp-content\\\/uploads\\\/2020\\\/06\\\/Boinita-Logo-Transparente-chico.png\",\"width\":100,\"height\":90,\"caption\":\"Boinita | Simple Cremation Services\"},\"image\":{\"@id\":\"https:\\\/\\\/boinita.com\\\/en\\\/#\\\/schema\\\/logo\\\/image\\\/\"},\"sameAs\":[\"https:\\\/\\\/www.facebook.com\\\/Boinitamx\\\/\",\"https:\\\/\\\/www.linkedin.com\\\/company\\\/boinita\\\/\",\"https:\\\/\\\/www.youtube.com\\\/channel\\\/UC1s1G_jha0VbZrXWt0N-WiA\\\/\"]}]}<\/script>\n<!-- \/ Yoast SEO plugin. -->","yoast_head_json":{"title":"\ud83e\udd47 Boinita | Servicio de Cremaci\u00f3n Sencilla sin un Servicio Funerario% \u26b1\ufe0f","description":"Arrange a Simple Cremation Without A Funeral Service \u2714\ufe0f Formalities, Urn and Transfers included, 24\/7 Service, Available in 45 minutes \u2714\ufe0f","robots":{"index":"index","follow":"follow","max-snippet":"max-snippet:-1","max-image-preview":"max-image-preview:large","max-video-preview":"max-video-preview:-1"},"canonical":"https:\/\/boinita.com\/en\/","og_locale":"en_US","og_type":"article","og_title":"\ud83e\udd47 Boinita | Servicio de Cremaci\u00f3n Sencilla sin un Servicio Funerario% \u26b1\ufe0f","og_description":"Arrange a Simple Cremation Without A Funeral Service \u2714\ufe0f Formalities, Urn and Transfers included, 24\/7 Service, Available in 45 minutes \u2714\ufe0f","og_url":"https:\/\/boinita.com\/en\/","og_site_name":"Boinita | Servicio de Cremaci\u00f3n Sencilla sin un Servicio Funerario","article_publisher":"https:\/\/www.facebook.com\/Boinitamx\/","article_modified_time":"2023-03-21T19:58:53+00:00","og_image":[{"width":2048,"height":1152,"url":"https:\/\/boinita.com\/wp-content\/uploads\/2020\/06\/Servicio-de-Cremaci\u00f3n-Sencilla-en-San-Luis-Potos\u00ed.jpg","type":"image\/jpeg"}],"twitter_card":"summary_large_image","schema":{"@context":"https:\/\/schema.org","@graph":[{"@type":"WebPage","@id":"https:\/\/boinita.com\/en\/","url":"https:\/\/boinita.com\/en\/","name":"\ud83e\udd47 Boinita | Servicio de Cremaci\u00f3n Sencilla sin un Servicio Funerario% \u26b1\ufe0f","isPartOf":{"@id":"https:\/\/boinita.com\/en\/#website"},"primaryImageOfPage":{"@id":"https:\/\/boinita.com\/en\/#primaryimage"},"image":{"@id":"https:\/\/boinita.com\/en\/#primaryimage"},"thumbnailUrl":"https:\/\/boinita.com\/wp-content\/uploads\/2020\/06\/Servicio-de-Cremaci\u00f3n-Sencilla-en-San-Luis-Potos\u00ed.jpg","datePublished":"2020-06-10T15:55:34+00:00","dateModified":"2023-03-21T19:58:53+00:00","description":"Arrange a Simple Cremation Without A Funeral Service \u2714\ufe0f Formalities, Urn and Transfers included, 24\/7 Service, Available in 45 minutes \u2714\ufe0f","breadcrumb":{"@id":"https:\/\/boinita.com\/en\/#breadcrumb"},"inLanguage":"en-US","potentialAction":[{"@type":"ReadAction","target":["https:\/\/boinita.com\/en\/"]}]},{"@type":"ImageObject","inLanguage":"en-US","@id":"https:\/\/boinita.com\/en\/#primaryimage","url":"https:\/\/boinita.com\/wp-content\/uploads\/2020\/06\/Servicio-de-Cremaci\u00f3n-Sencilla-en-San-Luis-Potos\u00ed.jpg","contentUrl":"https:\/\/boinita.com\/wp-content\/uploads\/2020\/06\/Servicio-de-Cremaci\u00f3n-Sencilla-en-San-Luis-Potos\u00ed.jpg","width":2048,"height":1152,"caption":"Servicio de Cremaci\u00f3n Sencilla sin un Servicio Funerario"},{"@type":"BreadcrumbList","@id":"https:\/\/boinita.com\/en\/#breadcrumb","itemListElement":[{"@type":"ListItem","position":1,"name":"Portada","item":"https:\/\/boinita.com\/en\/boinita-simple-cremation-service-without-a-funeral-service\/"},{"@type":"ListItem","position":2,"name":"Boinita | Simple Cremation Service without a Funeral Service"}]},{"@type":"WebSite","@id":"https:\/\/boinita.com\/en\/#website","url":"https:\/\/boinita.com\/en\/","name":"Boinita | Servicio de Cremaci\u00f3n Sencilla sin un Servicio Funerario","description":"Organiza una Cremaci\u00f3n Sencilla sin un Servicio Funerario \u26b1\ufe0f","publisher":{"@id":"https:\/\/boinita.com\/en\/#organization"},"alternateName":"Boinita","potentialAction":[{"@type":"SearchAction","target":{"@type":"EntryPoint","urlTemplate":"https:\/\/boinita.com\/en\/?s={search_term_string}"},"query-input":{"@type":"PropertyValueSpecification","valueRequired":true,"valueName":"search_term_string"}}],"inLanguage":"en-US"},{"@type":"Organization","@id":"https:\/\/boinita.com\/en\/#organization","name":"Boinita | Simple Cremation Services","alternateName":"Boinita","url":"https:\/\/boinita.com\/en\/","logo":{"@type":"ImageObject","inLanguage":"en-US","@id":"https:\/\/boinita.com\/en\/#\/schema\/logo\/image\/","url":"https:\/\/boinita.com\/wp-content\/uploads\/2020\/06\/Boinita-Logo-Transparente-chico.png","contentUrl":"https:\/\/boinita.com\/wp-content\/uploads\/2020\/06\/Boinita-Logo-Transparente-chico.png","width":100,"height":90,"caption":"Boinita | Simple Cremation Services"},"image":{"@id":"https:\/\/boinita.com\/en\/#\/schema\/logo\/image\/"},"sameAs":["https:\/\/www.facebook.com\/Boinitamx\/","https:\/\/www.linkedin.com\/company\/boinita\/","https:\/\/www.youtube.com\/channel\/UC1s1G_jha0VbZrXWt0N-WiA\/"]}]}},"_links":{"self":[{"href":"https:\/\/boinita.com\/en\/wp-json\/wp\/v2\/pages\/9940","targetHints":{"allow":["GET"]}}],"collection":[{"href":"https:\/\/boinita.com\/en\/wp-json\/wp\/v2\/pages"}],"about":[{"href":"https:\/\/boinita.com\/en\/wp-json\/wp\/v2\/types\/page"}],"author":[{"embeddable":true,"href":"https:\/\/boinita.com\/en\/wp-json\/wp\/v2\/users\/1"}],"replies":[{"embeddable":true,"href":"https:\/\/boinita.com\/en\/wp-json\/wp\/v2\/comments?post=9940"}],"version-history":[{"count":2,"href":"https:\/\/boinita.com\/en\/wp-json\/wp\/v2\/pages\/9940\/revisions"}],"predecessor-version":[{"id":9946,"href":"https:\/\/boinita.com\/en\/wp-json\/wp\/v2\/pages\/9940\/revisions\/9946"}],"wp:featuredmedia":[{"embeddable":true,"href":"https:\/\/boinita.com\/en\/wp-json\/wp\/v2\/media\/9391"}],"wp:attachment":[{"href":"https:\/\/boinita.com\/en\/wp-json\/wp\/v2\/media?parent=9940"}],"curies":[{"name":"wp","href":"https:\/\/api.w.org\/{rel}","templated":true}]}}